{"id":4703,"date":"2013-08-07T15:31:25","date_gmt":"2013-08-07T15:31:25","guid":{"rendered":"https:\/\/erazero.biz\/erazero\/?page_id=4703"},"modified":"2025-06-17T07:24:46","modified_gmt":"2025-06-17T07:24:46","slug":"privacy-policy","status":"publish","type":"page","link":"https:\/\/erazero.biz\/it\/privacy-policy\/","title":{"rendered":"Privacy Policy"},"content":{"rendered":"<p>Per ERAZERO si intende la Societ\u00e0 ERAZERO S.r.l. (di seguito, ERAZERO), titolare del sito www.erazero.biz .<\/p>\n<p>Sito: il sito web \u00e8 raggiungibile al seguente URL www.erazero.biz.<br \/>\nServizi: sono i servizi disponibili all&#8217;interno del Sito<br \/>\nUtente\/Utenti : sono esclusivamente i soggetti che forniscono le Opere e fruiscono del Sito e dei Servizi.<br \/>\nFruitore\/Fruitori: sono tutti i soggetti che hanno accesso al Sito e\/o ai Servizi;<br \/>\nContenuto\/Contenuti: sono, a titolo esemplificativo, i materiali audio, video, audio e video, i testi letterari, le elaborazioni grafiche (quali quelle riconducibili alle arti figurative e all&#8217;architettura), le fotografie o qualunque altro tipo di materiale che \u00e8 presente sul Sito.<br \/>\nOpera\/Opere: sono, a titolo esemplificativo, i materiali audio, video, e audiovisivi, caricati sul Sito.<\/p>\n<p><strong>1. Condizioni d&#8217;accesso e finalit\u00e0 d&#8217;uso <\/strong><br \/>\n1.1 L&#8217;accesso al Sito \u00e8 gratuito.<br \/>\n1.2 Esso ha carattere puramente informativo.ERAZERO ha l&#8217;esclusivo e insindacabile diritto di modificare, in tutto o in parte, senza alcun preavviso e a propria assoluta discrezione, il contenuto, le immagini, i termini e\/o le condizioni di accesso al Sito. ERAZERO potr\u00e0 pertanto in qualunque momento e in qualunque modo, intervenire sul Sito.<br \/>\n1.3 La password scelta dai Fruitori al momento della registrazione ai Servizi e inserita nel relativo modulo o form di registrazione \u00e8 personale e non pu\u00f2 essere ceduta. I Fruitori e gli Utenti sono tenuti a custodire con la massima diligenza e a mantenere riservata la password al fine di prevenire l&#8217;utilizzo del Servizio da parte di terzi non autorizzati. Essi saranno pertanto responsabile di qualsiasi utilizzo, compiuto da terzi autorizzati o non autorizzati, dei suddetti identificativi nonch\u00e9 di qualsiasi danno arrecato a ERAZERO e\/o a terzi, in dipendenza della mancata osservanza di quanto sopra. 1.3<br \/>\n1.4 Il materiale e le informazioni fornite da ERAZERO sono rese accessibili esclusivamente per uso cognitivo\/divulgativo.<\/p>\n<p><strong>2. Propriet\u00e0 Intellettuale <\/strong><br \/>\n2.1 E&#8217; vietata la riproduzione totale o parziale del Sito e\/o dei suoi Contenuti e\/o le Opere, con qualsiasi mezzo analogico o digitale, senza il consenso scritto di ERAZERO.<br \/>\n2.2 Tutti i diritti di autore e di propriet\u00e0 intellettuale relativi alla configurazione, al Sito, ai Servizi e ai Contenuti appartengono in via esclusiva a ERAZERO.<br \/>\n2.3 Il Sito e i Servizi forniti da ERAZERO sono resi accessibili al Fruitore esclusivamente per uso personale e privato.<br \/>\n2.4 Il copyright, i marchi di fabbrica e gli altri diritti inerenti alla propriet\u00e0 intellettuale del Sito e dei Servizi le informazioni sono e rimangono conferiti a ERAZERO e\/o ai suoi danti causa. Tutti i diritti anche non espressamente citati al presente punto 2 sono riservati in via esclusiva a ERAZERO e\/o ai suoi danti causa.<br \/>\n2.5 Il Fruitore riconosce che i Servizi e il Sito contengono informazioni riservate e sono protetti dalle leggi in materia di propriet\u00e0 intellettuale e\/o industriale. Il Fruitore si impegna a non modificare o disporre in qualsiasi modo (sia a titolo gratuito sia a titolo oneroso) e a non distribuire, diffondere o creare lavori basati, integralmente o parzialmente, sui Servizi o sul Sito, sui Contenuti o sulle Opere e &#8211; ove l&#8217;Utente ne consentisse il download &#8211; a non commercializzare le Opere ovvero a non distribuirle senza il previo consenso di ERAZERO.<br \/>\n2.6 Resta in ogni caso inteso che il Fruitore non pu\u00f2 sublicenziare, noleggiare, vendere, distribuire, mettere in circolazione, a disposizione, trasformare anche solo in parte, decodificare, decompilare, disassemblare, modificare, tradurre il Sito, effettuare operazioni di reverse engineering e comunque riprodurre, copiare, usare o disporre del Sito, o di sue parti, in ogni altro modo che non sia qui espressamente consentito o consentito da norme inderogabili di legge. Inoltre il Fruitore non \u00e8 autorizzato a creare lavori derivati, o in qualsiasi modo tentare di scoprire qualunque codice sorgente, o sviluppare prodotti o applicazioni software basate sui Servizi o che facciano in qualsiasi modo uso degli stessi.<\/p>\n<p><strong>3. Comportamento del Fruitore.<\/strong><br \/>\n3.1 L&#8217;utilizzo del Sito e dei Servizi \u00e8 destinato all&#8217;uso personale e privato; essi pertanto non potranno essere utilizzati:<br \/>\na. per finalit\u00e0 illecite;<br \/>\nb. per interrompere, danneggiare o rendere meno efficiente una parte o la totalit\u00e0 del Sito e\/o dei Servizi o in modo da danneggiare in qualche modo l&#8217;efficacia o la funzionalit\u00e0 del Sito e\/o dei Servizi;<br \/>\nc. in qualsiasi modo che possa danneggiare il computer di un altro utente o causare disagi;<br \/>\nd. per la trasmissione, il caricamento (upload) o la pubblicazione sul Sito di qualsiasi virus o di altri codici, file o programmi creati per interrompere, distruggere o limitare il funzionamento dei software, degli hardware o degli impianti di telecomunicazioni di terzi;<br \/>\ne. per trasmettere, caricare (upload) o pubblicare sul Sito materiale diffamatorio, offensivo, razzista, volgare, sedizioso, di carattere osceno o minaccioso, o comunque reprensibile;<br \/>\nf. come mezzo per minacciare, molestare, perseguitare o insultare terzi ovvero per raccogliere e conservare dati personali di questi ultimi;<br \/>\ng. in violazione di diritti (ivi compresi quelli di copyright o di riservatezza) di terzi;<br \/>\nh. per trasmettere qualsiasi materiale a scopo meramente pubblicitario senza previo consenso scritto da parte di ERAZERO;<br \/>\ni. per trasmettere, caricare (upload), pubblicare sul Sito, o mettere in altro modo a disposizione di altri, qualsiasi tipo di pubblicit\u00e0 non autorizzata, materiale promozionale, &#8220;posta indesiderata&#8221; (junkmail), &#8220;spam&#8221;, &#8220;modelli piramidali&#8221; (pyramid schemes), o altri messaggi non sollecitati di qualunque forma e genere.<br \/>\n3.2 ERAZERO si riserva il diritto di rifiutare a proprio insindacabile giudizio l&#8217;accesso a qualsiasi pubblicazione o informazione, nonch\u00e8 anche successivamente di cambiarne la collocazione.<br \/>\n3.3 Qualora le informazioni, fornite al momento all&#8217;iscrizione, non fossero vere, precise, attuali o complete, ovvero se ERAZERO dovesse aver motivo di ritenere che tali dati fossero falsi, inesatti, non recenti o incompleti, ERAZERO avr\u00e0 il diritto di sospendere ovvero di non consentire l&#8217;accesso da parte dei Fruitori i alle aree dei Servizi per le quali \u00e8 necessaria la procedura di registrazione.<br \/>\n3.4 Non comporta acquiescenza o rinuncia ad avvalersi delle facolt\u00e0 sopra previste o degli altri rimedi di legge l&#8217;eventuale tolleranza di ERAZERO nei confronti di inadempimenti del Fruitore.<\/p>\n<p><strong>4. Limitazione di Responsabilit\u00e0 <\/strong><br \/>\n4.1. La responsabilit\u00c3 della navigazione sul Sito \u00e8 totalmente a carico del Fruitore. ERAZERO non riconosce nessuna garanzia, sia espressa sia implicita, in relazione al Sito, ai Contenuti e alle Opere, nonch\u00e8 ai Servizi, anche sul piano della completezza, accuratezza e qualit\u00e0.<br \/>\n4.2 Il Fruitore del Sito accetta che:<br \/>\na. \u00e8 tecnicamente impossibile fornire un Sito privo di difetti, e che ERAZERO non si assume tale responsabilit\u00e0 ;<br \/>\nb. il Sito potrebbe essere temporaneamente inaccessibile;<br \/>\nc. il funzionamento del Sito potrebbe risentire di condizioni e prestazioni fuori del controllo di ERAZERO;<br \/>\nd. ERAZERO non \u00e8 responsabile per i Contenuti e le Opere nonch\u00e9 le informazioni e\/o i materiali forniti attraverso il Sito e\/o i Servizi nonch\u00e8 per gli argomenti o le condotte assunte dal Fruitore durante la navigazione nel Sito;<br \/>\ne. ERAZERO non esercita alcun controllo, n\u00e9 preventivo n\u00e8 posteriore, sui temi introdotti e\/o trattati dal Fruitore, ivi compresi i temi da essi trattati, nelle aree del Sito riservate alla comunicazione tra Fruitori;<br \/>\nf. ERAZERO non si assume alcuna responsabilit\u00e0 relativamente alla trasmissione sull&#8217;elaboratore dei Fruitori di eventuali virus.<br \/>\ng. Fatte salve le ipotesi di negligenza o dolo di ERAZERO, quest&#8217; ultima non sar\u00e0 responsabile dei danni causati dall&#8217;accesso dei Fruitori al Sito o dal materiale pubblicato.<br \/>\nh. alcuni Contenuti e\/o Opere potrebbero contenere inesattezze o refusi;<br \/>\ni. ERAZERO non si assume nessuna responsabilit\u00e0 per il materiale e le informazioni contenuti nelle diverse aree del Sito riservato alla comunicazione tra Fruitori ma si rivolger\u00e0 alle autorit\u00e0 competenti qualora dovesse emergere che essi fossero contrari a disposizioni di legge.<br \/>\nIl Sito e i Servizi si rivolgono a un pubblico vasto ed eterogeneo: ERAZERO invita pertanto ai genitori a sorvegliare i minori e stabilire quali aree del Sito siano adatte ai minori.<br \/>\n4.3 ERAZERO non \u00e8 responsabile di alcuna perdita o di eventuali danni derivanti dalla mancata osservanza, da parte vostra dei presenti termini e condizioni, fatto salvo il caso in cui gli stessi fossero dovuti a negligenza o a colpa da parte di ERAZERO.<br \/>\n4.4 Al fine di tutelare la funzionalit\u00e0 del Sito \u00e8 possibile che vengano fissate alcune procedure e limitazioni di carattere generale.<br \/>\nERAZERO non si assume alcuna responsabilit\u00e0 per l&#8217;eliminazione o il mancato recapito di messaggi e altri tipi di comunicazioni o materiali, conservati o trasmessi dal Sito.<br \/>\n4.5 ERAZERO non \u00e8 responsabile nei confronti del Fruitore, di eventuali omissioni, difetti o ritardi nell&#8217;erogazione dei Servizi disponibili sul Sito, soprattutto nei casi in cui:<br \/>\na. siano forniti dati errati o falsi al fine della fruizione dello stesso;<br \/>\nb. non siano osservate le istruzioni per l&#8217;uso dello stesso<br \/>\n4.6 Fatti salvi i casi di danni alla persona causati da negligenza, colpa grave nonch\u00e8 dolo, ERAZERO non sar\u00e0 responsabile di qualsiasi perdita o danno derivante, o collegato in qualunque modo all&#8217;uso e al funzionamento del Sito, ivi compresi senza limitazione alcuna, danni per perdita di affari, perdita di utili, interruzione dell&#8217;attivit\u00e0 , perdita di informazioni commerciali, qualsiasi altro tipo di perdita pecuniaria.<\/p>\n<p><strong>5. Garanzie <\/strong><br \/>\n5.1 Il Fruitore riconosce e accetta espressamente che:<br \/>\na. il Sito e i Servizi sono forniti &#8220;COME SONO&#8221; e &#8220;COME DISPONIBILI&#8221;. E&#8217; espressamente esclusa qualsivoglia garanzia da parte di ERAZERO, inclusa a mero titolo di esempio qualsiasi garanzia di commerciabilit\u00e0 , idoneit\u00e0 per scopi particolari o di qualit\u00e0 dei Servizi.<br \/>\nb. ERAZERO non garantisce<br \/>\n(i) che il Sito e i Servizi soddisferanno le esigenze del Fruitore,<br \/>\n(ii) che il Sito e i Servizi saranno forniti senza interruzioni, con puntualit\u00e0 , in modo sicuro o esente da errori,<br \/>\n(iii) l&#8217;aspettativa del Fruitore che i risultati ottenuti dall&#8217;utilizzo del Sito e dei Servizi siano veritieri e affidabili<br \/>\n(iv) che la qualit\u00e0 dei prodotti, servizi, informazioni o altri materiali acquisiti o ottenuti per il tramite del Servizio e\/o dei software possano soddisfare le esigenze dei Fruitori,<br \/>\n(v) che eventuali errori nell&#8217;erogazione dei Servizi siano corretti.<br \/>\nc. Qualsiasi Contenuto e\/o Opera scaricata o altrimenti ottenuta dal o per il tramite del Sito e dei Servizi \u00e8 ottenuto a sola ed esclusiva discrezione e a esclusivo rischio degli Utenti e che i Fruitori sono i soli ed esclusivi responsabili per ogni danno al proprio computer o per la perdita di dati derivante dall&#8217;aver scaricato tali Contenuti e\/o Opere o dall&#8217;avere utilizzato il Sito e i Servizi.<br \/>\n5.2 Il Fruitore dichiara e garantisce di tenere indenne e manlevare ERAZERO nonch\u00e9 i soggetti a essa collegati o da essa controllati, i suoi rappresentanti, i dipendenti e gli aventi causa di ERAZERO stessa da qualsiasi obbligo risarcitorio, incluse eventuali spese legali, che possa derivare dai Contenuti e\/o dalle Opere trasmessi o inviati dagli Utenti, dall&#8217;utilizzo del Sito o dei Servizi da parte dei Fruitori, dalla connessione al Servizi da parte del Fruitore, dalla violazione delle norme che ne regolamentano l&#8217;uso ovvero da una eventuali violazione dei diritti di terzi.<br \/>\n5.3 Il Fruitore dichiara e garantisce di essere consapevole del fatto che ERAZERO esercita un controllo limitato relativamente alla natura e al contenuto delle informazioni contenute nelle aree del Sito in cui \u00e8 data facolt\u00e0 ai Fruitori di inserire Contenuti e\/o Opere, ovvero nelle aree del Sito e per i Servizi dedicati alla comunicazione tra Fruitori. Il Fruitore conviene pertanto di risarcire i danni derivanti da eventuali azioni che un terzo potrebbe promuovere nei confronti di ERAZERO e\/o degli aventi causa della stessa relativamente all&#8217;utilizzo del Sito e\/o dei Servizi.<\/p>\n<p><strong>6. Sospensione <\/strong><br \/>\nERAZERO si riserva il diritto di sospendere l&#8217;accesso al Sito e ai Servizi, nel caso in cui si verificasse una violazione, da parte del Fruitore, dei presenti termini e condizioni.<\/p>\n<p><strong>7. Comunicazioni <\/strong><br \/>\nQualsiasi comunicazione a ERAZERO dovr\u00e0 avvenire per iscritto e potr\u00e0 essere effettuata sia per posta elettronica sia per posta ordinaria ai seguenti recapiti: &#8211; ERAZERO S.r.l. Via G. Belli, 14 20127 Milano \u2013 info@erazero.com .<\/p>\n<p><strong>8. Altri Siti Web <\/strong><br \/>\nIl Sito potrebbe contenere collegamenti ad altri siti, che non sono sotto il controllo di ERAZERO. Il Fruitore prende atto che i presenti termini e condizioni si applicano esclusivamente all&#8217;uso di questo Sito e dei relativi Servizi; ERAZERO non \u00e8 pertanto responsabile del materiale contenuto negli altri siti web. Qualsiasi collegamento ad altri siti non implica inoltre la promozione degli stessi e\/o del loro contenuto, nonch\u00e8 la condivisione dei valori promossi dagli altri siti.<\/p>\n<p><strong>9. Integrazioni e Modifiche <\/strong><br \/>\nERAZERO si riserva il diritto di modificare periodicamente il Sito, nonch\u00e8 il diritto di aggiornare i presenti termini e le condizioni, pubblicando sul Sito i cambiamenti atti a vincolare i Fruitori e gli Utenti. La mancata accettazione delle integrazioni e\/o modifiche apportate ai presenti termini e condizioni implica l&#8217;impossibilit\u00e0 di proseguire nell&#8217;utilizzo dello stesso da parte dei Fruitori.<\/p>\n<p><strong>10. Interpretazione <\/strong><br \/>\nOgni disposizione dei presenti termini e condizioni, che esclude o limita la responsabilit\u00e0 , deve essere interpretata separatamente dalle altre: tali previsioni si applicano e sussistono anche se, per qualsiasi ragione, si dovesse ritenere che una o alcune disposizioni non fossero applicabili o efficaci, restando in vigore nonostante la mancata osservanza dei presenti termini di utilizzazioni del Sito.<\/p>\n<p><strong>11. Legge applicabile<\/strong><br \/>\nGiurisdizione Italiana e competenza. I presenti termini e condizioni sono disciplinati dalle leggi vigenti in Italia; essi dovranno essere interpretati in conformit\u00e0 alle stesse. Ai termini e alle condizioni di cui al presente documento si applica la legge italiana. Ogni eventuale controversia tra ERAZERO e gli Utenti, intese come persona fisica che agisce per scopi estranei all&#8217;attivit\u00e0 imprenditoriale o professionale eventualmente svolta, competente sar\u00e0 il Foro di Milano.<\/p>\n<p><strong>12. Privacy<\/strong><br \/>\n12.1 Qualora il Fruitore intenda modificare i dati per l&#8217;iscrizione, aggiungere o eliminare il proprio profilo, l&#8217;Utente e il Fruitore potranno cliccare sul link dedicato ed aggiornare i dati nel modo desiderato.<br \/>\n12.2 E&#8217; possibile eliminare tutte le informazioni dal database di ERAZERO S.r.l. inviando un&#8217;apposita richiesta via e-mail a info@erazero.com specificando il nome, indirizzo e-mail e numero di telefono.<br \/>\n12.3 I dati personali forniti dall&#8217;Utente a ERAZERO sono tutelati in conformit\u00e0 a quanto disposto dal Decreto legislativo 196\/2003 &#8220;Codice in materia di protezione dei dati personali&#8221; e sue successive modifiche e integrazioni.<\/p>\n","protected":false},"excerpt":{"rendered":"<p>Per ERAZERO si intende la Societ\u00e0 ERAZERO S.r.l. (di seguito, ERAZERO), titolare del sito www.erazero.biz . Sito: il sito web \u00e8 raggiungibile al seguente URL www.erazero.biz. Servizi: sono i servizi disponibili all&#8217;interno del Sito Utente\/Utenti : sono esclusivamente i soggetti che forniscono le Opere e fruiscono del Sito e dei Servizi. Fruitore\/Fruitori: sono tutti i [&hellip;]<\/p>\n","protected":false},"author":2,"featured_media":0,"parent":0,"menu_order":0,"comment_status":"open","ping_status":"closed","template":"","meta":{"_acf_changed":false,"footnotes":""},"class_list":["post-4703","page","type-page","status-publish","hentry"],"acf":[],"yoast_head":"<!-- This site is optimized with the Yoast SEO plugin v27.2 - https:\/\/yoast.com\/product\/yoast-seo-wordpress\/ -->\n<title>Privacy Policy | ERAZERO<\/title>\n<meta name=\"description\" content=\"Erazero srl, via G Belli 14, 20127 Milano: produzioni e post produzioni audio\/video, doppiaggio, voice over, web design, social media marketing, dubbing.\" \/>\n<meta name=\"robots\" content=\"index, follow, max-snippet:-1, max-image-preview:large, max-video-preview:-1\" \/>\n<link rel=\"canonical\" href=\"https:\/\/erazero.biz\/it\/privacy-policy\/\" \/>\n<meta property=\"og:locale\" content=\"it_IT\" \/>\n<meta property=\"og:type\" content=\"article\" \/>\n<meta property=\"og:title\" content=\"Privacy Policy | ERAZERO\" \/>\n<meta property=\"og:description\" content=\"Erazero srl, via G Belli 14, 20127 Milano: produzioni e post produzioni audio\/video, doppiaggio, voice over, web design, social media marketing, dubbing.\" \/>\n<meta property=\"og:url\" content=\"https:\/\/erazero.biz\/it\/privacy-policy\/\" \/>\n<meta property=\"og:site_name\" content=\"ERAZERO\" \/>\n<meta property=\"article:publisher\" content=\"https:\/\/www.facebook.com\/erazero\/\" \/>\n<meta property=\"article:modified_time\" content=\"2025-06-17T07:24:46+00:00\" \/>\n<meta property=\"og:image\" content=\"https:\/\/erazero.biz\/erazero\/wp-content\/uploads\/2025\/07\/screenshot.png\" \/>\n\t<meta property=\"og:image:width\" content=\"1200\" \/>\n\t<meta property=\"og:image:height\" content=\"900\" \/>\n\t<meta property=\"og:image:type\" content=\"image\/png\" \/>\n<meta name=\"twitter:card\" content=\"summary_large_image\" \/>\n<meta name=\"twitter:site\" content=\"@erazero\" \/>\n<meta name=\"twitter:label1\" content=\"Est. reading time\" \/>\n\t<meta name=\"twitter:data1\" content=\"11 minutes\" \/>\n<script type=\"application\/ld+json\" class=\"yoast-schema-graph\">{\"@context\":\"https:\/\/schema.org\",\"@graph\":[{\"@type\":\"WebPage\",\"@id\":\"https:\/\/erazero.biz\/it\/privacy-policy\/\",\"url\":\"https:\/\/erazero.biz\/it\/privacy-policy\/\",\"name\":\"Privacy Policy | ERAZERO\",\"isPartOf\":{\"@id\":\"https:\/\/erazero.biz\/it\/#website\"},\"datePublished\":\"2013-08-07T15:31:25+00:00\",\"dateModified\":\"2025-06-17T07:24:46+00:00\",\"description\":\"Erazero srl, via G Belli 14, 20127 Milano: produzioni e post produzioni audio\/video, doppiaggio, voice over, web design, social media marketing, dubbing.\",\"breadcrumb\":{\"@id\":\"https:\/\/erazero.biz\/it\/privacy-policy\/#breadcrumb\"},\"inLanguage\":\"it-IT\",\"potentialAction\":[{\"@type\":\"ReadAction\",\"target\":[\"https:\/\/erazero.biz\/it\/privacy-policy\/\"]}]},{\"@type\":\"BreadcrumbList\",\"@id\":\"https:\/\/erazero.biz\/it\/privacy-policy\/#breadcrumb\",\"itemListElement\":[{\"@type\":\"ListItem\",\"position\":1,\"name\":\"Home\",\"item\":\"https:\/\/erazero.biz\/it\/\"},{\"@type\":\"ListItem\",\"position\":2,\"name\":\"Privacy Policy\"}]},{\"@type\":\"WebSite\",\"@id\":\"https:\/\/erazero.biz\/it\/#website\",\"url\":\"https:\/\/erazero.biz\/it\/\",\"name\":\"ERAZERO\",\"description\":\"Cross Media ::: Cool People\",\"publisher\":{\"@id\":\"https:\/\/erazero.biz\/it\/#organization\"},\"potentialAction\":[{\"@type\":\"SearchAction\",\"target\":{\"@type\":\"EntryPoint\",\"urlTemplate\":\"https:\/\/erazero.biz\/it\/?s={search_term_string}\"},\"query-input\":{\"@type\":\"PropertyValueSpecification\",\"valueRequired\":true,\"valueName\":\"search_term_string\"}}],\"inLanguage\":\"it-IT\"},{\"@type\":\"Organization\",\"@id\":\"https:\/\/erazero.biz\/it\/#organization\",\"name\":\"ERAZERO\",\"url\":\"https:\/\/erazero.biz\/it\/\",\"logo\":{\"@type\":\"ImageObject\",\"inLanguage\":\"it-IT\",\"@id\":\"https:\/\/erazero.biz\/it\/#\/schema\/logo\/image\/\",\"url\":\"https:\/\/erazero.biz\/erazero\/wp-content\/uploads\/2025\/07\/screenshot.png\",\"contentUrl\":\"https:\/\/erazero.biz\/erazero\/wp-content\/uploads\/2025\/07\/screenshot.png\",\"width\":1200,\"height\":900,\"caption\":\"ERAZERO\"},\"image\":{\"@id\":\"https:\/\/erazero.biz\/it\/#\/schema\/logo\/image\/\"},\"sameAs\":[\"https:\/\/www.facebook.com\/erazero\/\",\"https:\/\/x.com\/erazero\",\"https:\/\/www.instagram.com\/erazerocreativa\/\",\"https:\/\/vimeo.com\/erazero\"]}]}<\/script>\n<!-- \/ Yoast SEO plugin. -->","yoast_head_json":{"title":"Privacy Policy | ERAZERO","description":"Erazero srl, via G Belli 14, 20127 Milano: produzioni e post produzioni audio\/video, doppiaggio, voice over, web design, social media marketing, dubbing.","robots":{"index":"index","follow":"follow","max-snippet":"max-snippet:-1","max-image-preview":"max-image-preview:large","max-video-preview":"max-video-preview:-1"},"canonical":"https:\/\/erazero.biz\/it\/privacy-policy\/","og_locale":"it_IT","og_type":"article","og_title":"Privacy Policy | ERAZERO","og_description":"Erazero srl, via G Belli 14, 20127 Milano: produzioni e post produzioni audio\/video, doppiaggio, voice over, web design, social media marketing, dubbing.","og_url":"https:\/\/erazero.biz\/it\/privacy-policy\/","og_site_name":"ERAZERO","article_publisher":"https:\/\/www.facebook.com\/erazero\/","article_modified_time":"2025-06-17T07:24:46+00:00","og_image":[{"width":1200,"height":900,"url":"https:\/\/erazero.biz\/erazero\/wp-content\/uploads\/2025\/07\/screenshot.png","type":"image\/png"}],"twitter_card":"summary_large_image","twitter_site":"@erazero","twitter_misc":{"Est. reading time":"11 minutes"},"schema":{"@context":"https:\/\/schema.org","@graph":[{"@type":"WebPage","@id":"https:\/\/erazero.biz\/it\/privacy-policy\/","url":"https:\/\/erazero.biz\/it\/privacy-policy\/","name":"Privacy Policy | ERAZERO","isPartOf":{"@id":"https:\/\/erazero.biz\/it\/#website"},"datePublished":"2013-08-07T15:31:25+00:00","dateModified":"2025-06-17T07:24:46+00:00","description":"Erazero srl, via G Belli 14, 20127 Milano: produzioni e post produzioni audio\/video, doppiaggio, voice over, web design, social media marketing, dubbing.","breadcrumb":{"@id":"https:\/\/erazero.biz\/it\/privacy-policy\/#breadcrumb"},"inLanguage":"it-IT","potentialAction":[{"@type":"ReadAction","target":["https:\/\/erazero.biz\/it\/privacy-policy\/"]}]},{"@type":"BreadcrumbList","@id":"https:\/\/erazero.biz\/it\/privacy-policy\/#breadcrumb","itemListElement":[{"@type":"ListItem","position":1,"name":"Home","item":"https:\/\/erazero.biz\/it\/"},{"@type":"ListItem","position":2,"name":"Privacy Policy"}]},{"@type":"WebSite","@id":"https:\/\/erazero.biz\/it\/#website","url":"https:\/\/erazero.biz\/it\/","name":"ERAZERO","description":"Cross Media ::: Cool People","publisher":{"@id":"https:\/\/erazero.biz\/it\/#organization"},"potentialAction":[{"@type":"SearchAction","target":{"@type":"EntryPoint","urlTemplate":"https:\/\/erazero.biz\/it\/?s={search_term_string}"},"query-input":{"@type":"PropertyValueSpecification","valueRequired":true,"valueName":"search_term_string"}}],"inLanguage":"it-IT"},{"@type":"Organization","@id":"https:\/\/erazero.biz\/it\/#organization","name":"ERAZERO","url":"https:\/\/erazero.biz\/it\/","logo":{"@type":"ImageObject","inLanguage":"it-IT","@id":"https:\/\/erazero.biz\/it\/#\/schema\/logo\/image\/","url":"https:\/\/erazero.biz\/erazero\/wp-content\/uploads\/2025\/07\/screenshot.png","contentUrl":"https:\/\/erazero.biz\/erazero\/wp-content\/uploads\/2025\/07\/screenshot.png","width":1200,"height":900,"caption":"ERAZERO"},"image":{"@id":"https:\/\/erazero.biz\/it\/#\/schema\/logo\/image\/"},"sameAs":["https:\/\/www.facebook.com\/erazero\/","https:\/\/x.com\/erazero","https:\/\/www.instagram.com\/erazerocreativa\/","https:\/\/vimeo.com\/erazero"]}]}},"_links":{"self":[{"href":"https:\/\/erazero.biz\/it\/wp-json\/wp\/v2\/pages\/4703","targetHints":{"allow":["GET"]}}],"collection":[{"href":"https:\/\/erazero.biz\/it\/wp-json\/wp\/v2\/pages"}],"about":[{"href":"https:\/\/erazero.biz\/it\/wp-json\/wp\/v2\/types\/page"}],"author":[{"embeddable":true,"href":"https:\/\/erazero.biz\/it\/wp-json\/wp\/v2\/users\/2"}],"replies":[{"embeddable":true,"href":"https:\/\/erazero.biz\/it\/wp-json\/wp\/v2\/comments?post=4703"}],"version-history":[{"count":0,"href":"https:\/\/erazero.biz\/it\/wp-json\/wp\/v2\/pages\/4703\/revisions"}],"wp:attachment":[{"href":"https:\/\/erazero.biz\/it\/wp-json\/wp\/v2\/media?parent=4703"}],"curies":[{"name":"wp","href":"https:\/\/api.w.org\/{rel}","templated":true}]}}